{"id":6400,"date":"2021-09-15T19:01:20","date_gmt":"2021-09-15T19:01:20","guid":{"rendered":"https:\/\/zizurbide.com\/?page_id=6400"},"modified":"2021-09-15T19:04:37","modified_gmt":"2021-09-15T19:04:37","slug":"aviso-legal","status":"publish","type":"page","link":"https:\/\/zizurbide.com\/es_es\/aviso-legal\/","title":{"rendered":"Aviso Legal"},"content":{"rendered":"<p><b><span data-contrast=\"none\">Informaci\u00f3n General<\/span><\/b><span data-ccp-props=\"{&quot;134233117&quot;:true,&quot;134233118&quot;:true,&quot;201341983&quot;:0,&quot;335551550&quot;:6,&quot;335551620&quot;:6,&quot;335559740&quot;:240}\">\u00a0<\/span><\/p>\n<p><span data-contrast=\"none\">El titular de\u00a0este sitio web\u00a0es\u00a0<\/span><b><span data-contrast=\"none\">Zizurbide, S.L.<\/span><\/b><span data-contrast=\"none\">\u00a0(en adelante\u00a0<\/span><b><span data-contrast=\"none\">Zizurbide<\/span><\/b><span data-contrast=\"none\">), con\u00a0<\/span><b><span data-contrast=\"none\">NIF\u00a0A09001082<\/span><\/b><span data-contrast=\"none\">\u202f<\/span><span data-contrast=\"none\">\u00a0y domicilio sito en\u00a0<\/span><b><span data-contrast=\"none\">Carretera de Pamplona\u00a0Km 2\u00a0Huerta del Moro\u00a0s\/n, 31190\u00a0Cizur\u00a0Menor\u00a0(Navarra).<\/span><\/b><span data-contrast=\"none\">\u00a0La entidad se\u00a0encuentra\u00a0inscrita en el Registro Mercantil\u00a0de\u00a0Navarra,\u00a0Tomo 1699, Folio 34, Secci\u00f3n 8, Hoja 33690 I\/A 1<\/span><span data-contrast=\"none\">.<\/span><span data-ccp-props=\"{&quot;134233117&quot;:true,&quot;134233118&quot;:true,&quot;201341983&quot;:0,&quot;335551550&quot;:6,&quot;335551620&quot;:6,&quot;335559731&quot;:708,&quot;335559740&quot;:240}\">\u00a0<\/span><\/p>\n<p><span data-contrast=\"none\">Puede contactar con\u00a0<\/span><b><span data-contrast=\"none\">Zizurbide<\/span><\/b><span data-contrast=\"none\">\u00a0a trav\u00e9s de los siguientes medios:<\/span><span data-ccp-props=\"{&quot;134233117&quot;:true,&quot;134233118&quot;:true,&quot;201341983&quot;:0,&quot;335551550&quot;:6,&quot;335551620&quot;:6,&quot;335559740&quot;:240}\">\u00a0<\/span><\/p>\n<p><span data-contrast=\"none\">Tel\u00e9fono:\u00a0<\/span><b><span data-contrast=\"none\">948271234<\/span><\/b><span data-ccp-props=\"{&quot;134233117&quot;:true,&quot;134233118&quot;:true,&quot;201341983&quot;:0,&quot;335551550&quot;:6,&quot;335551620&quot;:6,&quot;335559740&quot;:240}\">\u00a0<\/span><\/p>\n<p><span data-contrast=\"none\">E-Mail:\u00a0<\/span><b><span data-contrast=\"none\">zizurbide@yahoo.es<\/span><\/b><span data-ccp-props=\"{&quot;134233117&quot;:true,&quot;134233118&quot;:true,&quot;201341983&quot;:0,&quot;335551550&quot;:6,&quot;335551620&quot;:6,&quot;335559740&quot;:240}\">\u00a0<\/span><\/p>\n<p><b><span data-contrast=\"none\">Contenidos<\/span><\/b><span data-ccp-props=\"{&quot;134233117&quot;:true,&quot;134233118&quot;:true,&quot;201341983&quot;:0,&quot;335551550&quot;:6,&quot;335551620&quot;:6,&quot;335559740&quot;:240}\">\u00a0<\/span><\/p>\n<p><span data-contrast=\"none\">El presente sitio web tiene un car\u00e1cter meramente informativo, no constituyendo en ning\u00fan caso un medio de asesoramiento sobre ninguna de las \u00e1reas especificadas en el mismo, para lo cual el usuario deber\u00e1 dirigirse al titular del sitio web.<\/span><span data-ccp-props=\"{&quot;134233117&quot;:true,&quot;134233118&quot;:true,&quot;201341983&quot;:0,&quot;335551550&quot;:6,&quot;335551620&quot;:6,&quot;335559731&quot;:708,&quot;335559740&quot;:240}\">\u00a0<\/span><\/p>\n<p><span data-contrast=\"none\">La informaci\u00f3n incluida en el sitio web ha seguido los requerimientos pedidos por la Ley, pero de ninguna forma eso implica que tenga que estar necesariamente detallada, completa, exacta o mantenerse actualizada, debido en su caso a las variaciones que pueden producirse en la normativa, jurisprudencia u otros documentos de inter\u00e9s considerados. La utilizaci\u00f3n de la informaci\u00f3n proporcionada a trav\u00e9s de este sitio web es responsabilidad exclusiva del usuario, no siendo\u00a0<\/span><b><span data-contrast=\"none\">Zizurbide<\/span><\/b><span data-contrast=\"none\">\u00a0en ning\u00fan caso responsable de los errores u omisiones que pudieran existir, as\u00ed como de la aplicaci\u00f3n o uso concreto que pueda hacerse de la misma.<\/span><span data-ccp-props=\"{&quot;134233117&quot;:true,&quot;134233118&quot;:true,&quot;201341983&quot;:0,&quot;335551550&quot;:6,&quot;335551620&quot;:6,&quot;335559731&quot;:708,&quot;335559740&quot;:240}\">\u00a0<\/span><\/p>\n<p><b><span data-contrast=\"none\">Propiedad Intelectual<\/span><\/b><span data-ccp-props=\"{&quot;134233117&quot;:true,&quot;134233118&quot;:true,&quot;201341983&quot;:0,&quot;335551550&quot;:6,&quot;335551620&quot;:6,&quot;335559740&quot;:240}\">\u00a0<\/span><\/p>\n<p><span data-contrast=\"none\">Los contenidos que figuran en sitio web est\u00e1n sujetos a una cl\u00e1usula de derechos de autor, no permiti\u00e9ndose\u00a0la reproducci\u00f3n de los mismos, salvo autorizaci\u00f3n previa de\u00a0<\/span><b><span data-contrast=\"none\">Zizurbide<\/span><\/b><span data-contrast=\"none\">.\u00a0La informaci\u00f3n de terceros que pudiera incluirse aqu\u00ed est\u00e1 sujeta a los correspondientes avisos sobre derechos de propiedad intelectual correspondientes a los mismos.\u00a0<\/span><b><span data-contrast=\"none\">Zizurbide<\/span><\/b><span data-contrast=\"none\">\u00a0es una firma registrada cuya utilizaci\u00f3n est\u00e1 absolutamente prohibida.<\/span><span data-ccp-props=\"{&quot;134233117&quot;:true,&quot;134233118&quot;:true,&quot;201341983&quot;:0,&quot;335551550&quot;:6,&quot;335551620&quot;:6,&quot;335559731&quot;:708,&quot;335559740&quot;:240}\">\u00a0<\/span><\/p>\n<p><b><span data-contrast=\"none\">Enlaces<\/span><\/b><span data-ccp-props=\"{&quot;134233117&quot;:true,&quot;134233118&quot;:true,&quot;201341983&quot;:0,&quot;335551550&quot;:6,&quot;335551620&quot;:6,&quot;335559740&quot;:240}\">\u00a0<\/span><\/p>\n<p><b><span data-contrast=\"none\">Zizurbide<\/span><\/b><span data-contrast=\"none\">\u00a0<\/span><span data-contrast=\"none\">no asume ninguna responsabilidad sobre los enlaces hac\u00eda otros sitios o p\u00e1ginas web que, en su caso, pudieran incluirse en el mismo, ya que no tiene ning\u00fan tipo de control sobre los mismos, por lo que el usuario accede bajo su exclusiva responsabilidad al contenido y en las condiciones de uso que rijan en los mismos.<\/span><span data-ccp-props=\"{&quot;201341983&quot;:0,&quot;335551550&quot;:6,&quot;335551620&quot;:6,&quot;335559731&quot;:708,&quot;335559739&quot;:200,&quot;335559740&quot;:276}\">\u00a0<\/span><\/p>\n<p><span data-contrast=\"none\">Con \u00e1nimo de que el uso del sitio web se ajuste a criterios de transparencia, claridad y sencillez,\u00a0<\/span><b><span data-contrast=\"none\">Zizurbide<\/span><\/b><span data-contrast=\"none\">\u00a0informa al usuario que cualquier sugerencia, duda o consulta sobre el presente Aviso Legal o cualquier otro documento informativo del sitio web ser\u00e1 recibida y solucionada contactando con\u00a0<\/span><b><span data-contrast=\"none\">Zizurbide<\/span><\/b><span data-contrast=\"none\">,\u00a0 a trav\u00e9s de la direcci\u00f3n de correo electr\u00f3nica:\u00a0<\/span><b><span data-contrast=\"none\">zizurbide@yahoo.es<\/span><\/b><span data-ccp-props=\"{&quot;134233117&quot;:true,&quot;134233118&quot;:true,&quot;201341983&quot;:0,&quot;335551550&quot;:6,&quot;335551620&quot;:6,&quot;335559731&quot;:708,&quot;335559740&quot;:240}\">\u00a0<\/span><\/p>\n","protected":false},"excerpt":{"rendered":"<p>Informaci\u00f3n General\u00a0 El titular de\u00a0este sitio web\u00a0es\u00a0Zizurbide, S.L.\u00a0(en adelante\u00a0Zizurbide), con\u00a0NIF\u00a0A09001082\u202f\u00a0y domicilio sito en\u00a0Carretera de Pamplona\u00a0Km&#8230;<\/p>\n","protected":false},"author":1,"featured_media":0,"parent":0,"menu_order":0,"comment_status":"closed","ping_status":"open","template":"","meta":{"footnotes":""},"class_list":["post-6400","page","type-page","status-publish"],"yoast_head":"<!-- This site is optimized with the Yoast SEO plugin v26.4 - https:\/\/yoast.com\/wordpress\/plugins\/seo\/ -->\n<title>Aviso Legal - Zizurbide<\/title>\n<meta name=\"robots\" content=\"index, follow, max-snippet:-1, max-image-preview:large, max-video-preview:-1\" \/>\n<link rel=\"canonical\" href=\"http:\/\/zizurbide.com\/es_es\/aviso-legal\/\" \/>\n<meta property=\"og:locale\" content=\"es_ES\" \/>\n<meta property=\"og:type\" content=\"article\" \/>\n<meta property=\"og:title\" content=\"Aviso Legal - Zizurbide\" \/>\n<meta property=\"og:description\" content=\"Informaci\u00f3n General\u00a0 El titular de\u00a0este sitio web\u00a0es\u00a0Zizurbide, S.L.\u00a0(en adelante\u00a0Zizurbide), con\u00a0NIF\u00a0A09001082\u202f\u00a0y domicilio sito en\u00a0Carretera de Pamplona\u00a0Km...\" \/>\n<meta property=\"og:url\" content=\"http:\/\/zizurbide.com\/es_es\/aviso-legal\/\" \/>\n<meta property=\"og:site_name\" content=\"Zizurbide\" \/>\n<meta property=\"article:publisher\" content=\"https:\/\/www.facebook.com\/zizurbide\" \/>\n<meta property=\"article:modified_time\" content=\"2021-09-15T19:04:37+00:00\" \/>\n<meta property=\"og:image\" content=\"https:\/\/zizurbide.com\/wp-content\/uploads\/2021\/06\/logo-zizurbide-entero.jpg\" \/>\n\t<meta property=\"og:image:width\" content=\"866\" \/>\n\t<meta property=\"og:image:height\" content=\"642\" \/>\n\t<meta property=\"og:image:type\" content=\"image\/jpeg\" \/>\n<meta name=\"twitter:card\" content=\"summary_large_image\" \/>\n<meta name=\"twitter:label1\" content=\"Tiempo de lectura\" \/>\n\t<meta name=\"twitter:data1\" content=\"2 minutos\" \/>\n<script type=\"application\/ld+json\" class=\"yoast-schema-graph\">{\"@context\":\"https:\/\/schema.org\",\"@graph\":[{\"@type\":\"WebPage\",\"@id\":\"http:\/\/zizurbide.com\/es_es\/aviso-legal\/\",\"url\":\"http:\/\/zizurbide.com\/es_es\/aviso-legal\/\",\"name\":\"Aviso Legal - Zizurbide\",\"isPartOf\":{\"@id\":\"http:\/\/zizurbide.com\/es_es\/#website\"},\"datePublished\":\"2021-09-15T19:01:20+00:00\",\"dateModified\":\"2021-09-15T19:04:37+00:00\",\"breadcrumb\":{\"@id\":\"http:\/\/zizurbide.com\/es_es\/aviso-legal\/#breadcrumb\"},\"inLanguage\":\"es\",\"potentialAction\":[{\"@type\":\"ReadAction\",\"target\":[\"http:\/\/zizurbide.com\/es_es\/aviso-legal\/\"]}]},{\"@type\":\"BreadcrumbList\",\"@id\":\"http:\/\/zizurbide.com\/es_es\/aviso-legal\/#breadcrumb\",\"itemListElement\":[{\"@type\":\"ListItem\",\"position\":1,\"name\":\"Portada\",\"item\":\"https:\/\/zizurbide.com\/\"},{\"@type\":\"ListItem\",\"position\":2,\"name\":\"Aviso Legal\"}]},{\"@type\":\"WebSite\",\"@id\":\"http:\/\/zizurbide.com\/es_es\/#website\",\"url\":\"http:\/\/zizurbide.com\/es_es\/\",\"name\":\"Zizurbide\",\"description\":\"Tu centro de jardiner\u00eda m\u00e1s cercano.\",\"publisher\":{\"@id\":\"http:\/\/zizurbide.com\/es_es\/#organization\"},\"potentialAction\":[{\"@type\":\"SearchAction\",\"target\":{\"@type\":\"EntryPoint\",\"urlTemplate\":\"http:\/\/zizurbide.com\/es_es\/?s={search_term_string}\"},\"query-input\":{\"@type\":\"PropertyValueSpecification\",\"valueRequired\":true,\"valueName\":\"search_term_string\"}}],\"inLanguage\":\"es\"},{\"@type\":\"Organization\",\"@id\":\"http:\/\/zizurbide.com\/es_es\/#organization\",\"name\":\"Zizurbide jardiner\u00eda\",\"url\":\"http:\/\/zizurbide.com\/es_es\/\",\"logo\":{\"@type\":\"ImageObject\",\"inLanguage\":\"es\",\"@id\":\"http:\/\/zizurbide.com\/es_es\/#\/schema\/logo\/image\/\",\"url\":\"https:\/\/zizurbide.com\/wp-content\/uploads\/2021\/06\/logo-zizurbide-entero.jpg\",\"contentUrl\":\"https:\/\/zizurbide.com\/wp-content\/uploads\/2021\/06\/logo-zizurbide-entero.jpg\",\"width\":866,\"height\":642,\"caption\":\"Zizurbide jardiner\u00eda\"},\"image\":{\"@id\":\"http:\/\/zizurbide.com\/es_es\/#\/schema\/logo\/image\/\"},\"sameAs\":[\"https:\/\/www.facebook.com\/zizurbide\",\"https:\/\/www.instagram.com\/zizurbide\/\"]}]}<\/script>\n<!-- \/ Yoast SEO plugin. -->","yoast_head_json":{"title":"Aviso Legal - Zizurbide","robots":{"index":"index","follow":"follow","max-snippet":"max-snippet:-1","max-image-preview":"max-image-preview:large","max-video-preview":"max-video-preview:-1"},"canonical":"http:\/\/zizurbide.com\/es_es\/aviso-legal\/","og_locale":"es_ES","og_type":"article","og_title":"Aviso Legal - Zizurbide","og_description":"Informaci\u00f3n General\u00a0 El titular de\u00a0este sitio web\u00a0es\u00a0Zizurbide, S.L.\u00a0(en adelante\u00a0Zizurbide), con\u00a0NIF\u00a0A09001082\u202f\u00a0y domicilio sito en\u00a0Carretera de Pamplona\u00a0Km...","og_url":"http:\/\/zizurbide.com\/es_es\/aviso-legal\/","og_site_name":"Zizurbide","article_publisher":"https:\/\/www.facebook.com\/zizurbide","article_modified_time":"2021-09-15T19:04:37+00:00","og_image":[{"width":866,"height":642,"url":"https:\/\/zizurbide.com\/wp-content\/uploads\/2021\/06\/logo-zizurbide-entero.jpg","type":"image\/jpeg"}],"twitter_card":"summary_large_image","twitter_misc":{"Tiempo de lectura":"2 minutos"},"schema":{"@context":"https:\/\/schema.org","@graph":[{"@type":"WebPage","@id":"http:\/\/zizurbide.com\/es_es\/aviso-legal\/","url":"http:\/\/zizurbide.com\/es_es\/aviso-legal\/","name":"Aviso Legal - Zizurbide","isPartOf":{"@id":"http:\/\/zizurbide.com\/es_es\/#website"},"datePublished":"2021-09-15T19:01:20+00:00","dateModified":"2021-09-15T19:04:37+00:00","breadcrumb":{"@id":"http:\/\/zizurbide.com\/es_es\/aviso-legal\/#breadcrumb"},"inLanguage":"es","potentialAction":[{"@type":"ReadAction","target":["http:\/\/zizurbide.com\/es_es\/aviso-legal\/"]}]},{"@type":"BreadcrumbList","@id":"http:\/\/zizurbide.com\/es_es\/aviso-legal\/#breadcrumb","itemListElement":[{"@type":"ListItem","position":1,"name":"Portada","item":"https:\/\/zizurbide.com\/"},{"@type":"ListItem","position":2,"name":"Aviso Legal"}]},{"@type":"WebSite","@id":"http:\/\/zizurbide.com\/es_es\/#website","url":"http:\/\/zizurbide.com\/es_es\/","name":"Zizurbide","description":"Tu centro de jardiner\u00eda m\u00e1s cercano.","publisher":{"@id":"http:\/\/zizurbide.com\/es_es\/#organization"},"potentialAction":[{"@type":"SearchAction","target":{"@type":"EntryPoint","urlTemplate":"http:\/\/zizurbide.com\/es_es\/?s={search_term_string}"},"query-input":{"@type":"PropertyValueSpecification","valueRequired":true,"valueName":"search_term_string"}}],"inLanguage":"es"},{"@type":"Organization","@id":"http:\/\/zizurbide.com\/es_es\/#organization","name":"Zizurbide jardiner\u00eda","url":"http:\/\/zizurbide.com\/es_es\/","logo":{"@type":"ImageObject","inLanguage":"es","@id":"http:\/\/zizurbide.com\/es_es\/#\/schema\/logo\/image\/","url":"https:\/\/zizurbide.com\/wp-content\/uploads\/2021\/06\/logo-zizurbide-entero.jpg","contentUrl":"https:\/\/zizurbide.com\/wp-content\/uploads\/2021\/06\/logo-zizurbide-entero.jpg","width":866,"height":642,"caption":"Zizurbide jardiner\u00eda"},"image":{"@id":"http:\/\/zizurbide.com\/es_es\/#\/schema\/logo\/image\/"},"sameAs":["https:\/\/www.facebook.com\/zizurbide","https:\/\/www.instagram.com\/zizurbide\/"]}]}},"_links":{"self":[{"href":"https:\/\/zizurbide.com\/es_es\/wp-json\/wp\/v2\/pages\/6400","targetHints":{"allow":["GET"]}}],"collection":[{"href":"https:\/\/zizurbide.com\/es_es\/wp-json\/wp\/v2\/pages"}],"about":[{"href":"https:\/\/zizurbide.com\/es_es\/wp-json\/wp\/v2\/types\/page"}],"author":[{"embeddable":true,"href":"https:\/\/zizurbide.com\/es_es\/wp-json\/wp\/v2\/users\/1"}],"replies":[{"embeddable":true,"href":"https:\/\/zizurbide.com\/es_es\/wp-json\/wp\/v2\/comments?post=6400"}],"version-history":[{"count":2,"href":"https:\/\/zizurbide.com\/es_es\/wp-json\/wp\/v2\/pages\/6400\/revisions"}],"predecessor-version":[{"id":6405,"href":"https:\/\/zizurbide.com\/es_es\/wp-json\/wp\/v2\/pages\/6400\/revisions\/6405"}],"wp:attachment":[{"href":"https:\/\/zizurbide.com\/es_es\/wp-json\/wp\/v2\/media?parent=6400"}],"curies":[{"name":"wp","href":"https:\/\/api.w.org\/{rel}","templated":true}]}}