{"id":6346,"date":"2021-06-30T02:16:30","date_gmt":"2021-06-30T02:16:30","guid":{"rendered":"https:\/\/zizurbide.com\/?page_id=6346"},"modified":"2021-06-30T02:28:50","modified_gmt":"2021-06-30T02:28:50","slug":"quienes-somos","status":"publish","type":"page","link":"https:\/\/zizurbide.com\/eu\/quienes-somos\/","title":{"rendered":"Nor gara"},"content":{"rendered":"<div id=\"fws_6a08ccdae486e\"  data-column-margin=\"default\" data-midnight=\"dark\" data-top-percent=\"13%\" data-bottom-percent=\"10%\"  class=\"wpb_row vc_row-fluid vc_row full-width-section\"  style=\"padding-top: calc(100vw * 0.13); padding-bottom: calc(100vw * 0.10); \"><div class=\"row-bg-wrap\" data-bg-animation=\"none\" data-bg-overlay=\"true\"><div class=\"inner-wrap using-image\"><div class=\"row-bg using-image\"  style=\"background-image: url(https:\/\/zizurbide.com\/wp-content\/uploads\/2021\/06\/image00207.jpeg); background-position: left top; background-repeat: no-repeat; \"><\/div><\/div><div class=\"row-bg-overlay\" style=\"background-color:#000000;  opacity: 0.5; \"><\/div><\/div><div class=\"row_col_wrap_12 col span_12 dark left\">\n\t<div  class=\"vc_col-sm-6 wpb_column column_container vc_column_container col no-extra-padding inherit_tablet inherit_phone\"  data-padding-pos=\"all\" data-has-bg-color=\"false\" data-bg-color=\"\" data-bg-opacity=\"1\" data-animation=\"\" data-delay=\"0\" >\n\t\t<div class=\"vc_column-inner\" >\n\t\t\t<div class=\"wpb_wrapper\">\n\t\t\t\t<div class=\"nectar-highlighted-text\" data-style=\"half_text\" data-exp=\"default\" data-user-color=\"true\" style=\"color: #ffffff;\" data-using-custom-color=\"true\" data-animation-delay=\"false\" data-color=\"#ff1053\" data-color-gradient=\"\">\n<h2>Nor gara<\/h2>\n<\/div>\n\t\t\t<\/div> \n\t\t<\/div>\n\t<\/div> \n\n\t<div  class=\"vc_col-sm-6 wpb_column column_container vc_column_container col no-extra-padding inherit_tablet inherit_phone\"  data-padding-pos=\"all\" data-has-bg-color=\"false\" data-bg-color=\"\" data-bg-opacity=\"1\" data-animation=\"\" data-delay=\"0\" >\n\t\t<div class=\"vc_column-inner\" >\n\t\t\t<div class=\"wpb_wrapper\">\n\t\t\t\t\n\t\t\t<\/div> \n\t\t<\/div>\n\t<\/div> \n<\/div><\/div>\n\t\t<div id=\"fws_6a08ccdae4d14\"  data-column-margin=\"default\" data-midnight=\"dark\" data-top-percent=\"8%\" data-bottom-percent=\"8%\"  class=\"wpb_row vc_row-fluid vc_row full-width-section  vc_row-o-equal-height vc_row-flex  vc_row-o-content-middle\"  style=\"padding-top: calc(100vw * 0.08); padding-bottom: calc(100vw * 0.08); \"><div class=\"row-bg-wrap\" data-bg-animation=\"none\" data-bg-overlay=\"false\"><div class=\"inner-wrap\"><div class=\"row-bg\"  style=\"\"><\/div><\/div><\/div><div class=\"row_col_wrap_12 col span_12 dark left\">\n\t<div  class=\"vc_col-sm-9 wpb_column column_container vc_column_container col no-extra-padding inherit_tablet inherit_phone\"  data-padding-pos=\"all\" data-has-bg-color=\"false\" data-bg-color=\"\" data-bg-opacity=\"1\" data-animation=\"\" data-delay=\"0\" >\n\t\t<div class=\"vc_column-inner\" >\n\t\t\t<div class=\"wpb_wrapper\">\n\t\t\t\t<div id=\"fws_6a08ccdae4f3e\" data-midnight=\"\" data-column-margin=\"default\" class=\"wpb_row vc_row-fluid vc_row inner_row\"  style=\"\"><div class=\"row-bg-wrap\"> <div class=\"row-bg\" ><\/div> <\/div><div class=\"row_col_wrap_12_inner col span_12  left\">\n\t<div  class=\"vc_col-sm-12 wpb_column column_container vc_column_container col child_column no-extra-padding inherit_tablet inherit_phone\"   data-padding-pos=\"all\" data-has-bg-color=\"false\" data-bg-color=\"\" data-bg-opacity=\"1\" data-animation=\"\" data-delay=\"0\">\n\t\t<div class=\"vc_column-inner\" >\n\t\t<div class=\"wpb_wrapper\">\n\t\t\t\n<div class=\"wpb_text_column wpb_content_element\" >\n\t<div class=\"wpb_wrapper\">\n\t\t<p>Bi neska gara, lorezaintza-zentro desberdinetan lanean urte batzuk eman ondoren Lorezaintza-zentro itxi bat hartzeko aukera izan genuenak. Hori 2012an izan zen, eta dirua baino ilusio eta gogo handiagoarekin ekin genion gure negozioari. Etortzen eta itzultzen diren bezeroei esker 9 urteko ibilbidea egin dugu eta oraindik ere inoiz baino gogo eta ilusio handiagoarekin jarraitzen dugu.<\/p>\n\t<\/div>\n<\/div>\n\n\n\n\n\t\t<\/div> \n\t<\/div>\n\t<\/div> \n<\/div><\/div>\n\t\t\t<\/div> \n\t\t<\/div>\n\t<\/div> \n\n\t<div  class=\"vc_col-sm-3 vc_hidden-sm vc_hidden-xs wpb_column column_container vc_column_container col no-extra-padding inherit_tablet inherit_phone\"  data-padding-pos=\"all\" data-has-bg-color=\"false\" data-bg-color=\"\" data-bg-opacity=\"1\" data-animation=\"\" data-delay=\"0\" >\n\t\t<div class=\"vc_column-inner\" >\n\t\t\t<div class=\"wpb_wrapper\">\n\t\t\t\t\n\t\t\t<\/div> \n\t\t<\/div>\n\t<\/div> \n<\/div><\/div>\n\t\t<div id=\"fws_6a08ccdae53d0\"  data-column-margin=\"default\" data-midnight=\"dark\" data-bottom-percent=\"8%\"  class=\"wpb_row vc_row-fluid vc_row full-width-section  vc_row-o-equal-height vc_row-flex  vc_row-o-content-middle\"  style=\"padding-top: 0px; padding-bottom: calc(100vw * 0.08); \"><div class=\"row-bg-wrap\" data-bg-animation=\"none\" data-bg-overlay=\"false\"><div class=\"inner-wrap\"><div class=\"row-bg\"  style=\"\"><\/div><\/div><\/div><div class=\"row_col_wrap_12 col span_12 dark left\">\n\t<div  class=\"vc_col-sm-12 wpb_column column_container vc_column_container col no-extra-padding inherit_tablet inherit_phone\"  data-padding-pos=\"all\" data-has-bg-color=\"false\" data-bg-color=\"\" data-bg-opacity=\"1\" data-animation=\"\" data-delay=\"0\" >\n\t\t<div class=\"vc_column-inner\" >\n\t\t\t<div class=\"wpb_wrapper\">\n\t\t\t\t<div class=\"nectar_video_player_self_hosted wpb_video_widget wpb_content_element vc_clearfix vc_video-aspect-ratio-169 vc_video-el-width-100 vc_video-align-center\" data-border-radius=\"none\" data-shadow=\"none\">\n<div class=\"wpb_wrapper\"><div class=\"wpb_video_wrapper\"><video width=\"1280\" height=\"720\" preload=\"auto\" controls controlslist=\"nodownload\" autoplay muted playsinline><source src=\"https:\/\/zizurbide.com\/wp-content\/uploads\/2021\/06\/zizurbide-quienes-somos-video.mp4\"  type=\"video\/mp4\"><\/video><\/div><\/div><\/div>\n\t\t\t<\/div> \n\t\t<\/div>\n\t<\/div> \n<\/div><\/div>","protected":false},"excerpt":{"rendered":"Qui\u00e9nes Somos Somos dos chicas que despu\u00e9s de unos a\u00f1os de experiencia trabajando en distintos...","protected":false},"author":1,"featured_media":0,"parent":0,"menu_order":0,"comment_status":"closed","ping_status":"open","template":"","meta":{"footnotes":""},"class_list":["post-6346","page","type-page","status-publish"],"yoast_head":"<!-- This site is optimized with the Yoast SEO plugin v26.4 - https:\/\/yoast.com\/wordpress\/plugins\/seo\/ -->\n<title>Qui\u00e9nes Somos - Zizurbide<\/title>\n<meta name=\"robots\" content=\"index, follow, max-snippet:-1, max-image-preview:large, max-video-preview:-1\" \/>\n<link rel=\"canonical\" href=\"http:\/\/zizurbide.com\/eu\/quienes-somos\/\" \/>\n<meta property=\"og:locale\" content=\"en_US\" \/>\n<meta property=\"og:type\" content=\"article\" \/>\n<meta property=\"og:title\" content=\"Qui\u00e9nes Somos - Zizurbide\" \/>\n<meta property=\"og:url\" content=\"http:\/\/zizurbide.com\/eu\/quienes-somos\/\" \/>\n<meta property=\"og:site_name\" content=\"Zizurbide\" \/>\n<meta property=\"article:publisher\" content=\"https:\/\/www.facebook.com\/zizurbide\" \/>\n<meta property=\"article:modified_time\" content=\"2021-06-30T02:28:50+00:00\" \/>\n<meta property=\"og:image\" content=\"https:\/\/zizurbide.com\/wp-content\/uploads\/2021\/06\/logo-zizurbide-entero.jpg\" \/>\n\t<meta property=\"og:image:width\" content=\"866\" \/>\n\t<meta property=\"og:image:height\" content=\"642\" \/>\n\t<meta property=\"og:image:type\" content=\"image\/jpeg\" \/>\n<meta name=\"twitter:card\" content=\"summary_large_image\" \/>\n<meta name=\"twitter:label1\" content=\"Est. reading time\" \/>\n\t<meta name=\"twitter:data1\" content=\"4 minutua\" \/>\n<script type=\"application\/ld+json\" class=\"yoast-schema-graph\">{\"@context\":\"https:\/\/schema.org\",\"@graph\":[{\"@type\":\"WebPage\",\"@id\":\"http:\/\/zizurbide.com\/es_es\/quienes-somos\/\",\"url\":\"http:\/\/zizurbide.com\/es_es\/quienes-somos\/\",\"name\":\"Qui\u00e9nes Somos - Zizurbide\",\"isPartOf\":{\"@id\":\"http:\/\/zizurbide.com\/es_es\/#website\"},\"datePublished\":\"2021-06-30T02:16:30+00:00\",\"dateModified\":\"2021-06-30T02:28:50+00:00\",\"breadcrumb\":{\"@id\":\"http:\/\/zizurbide.com\/es_es\/quienes-somos\/#breadcrumb\"},\"inLanguage\":\"eu\",\"potentialAction\":[{\"@type\":\"ReadAction\",\"target\":[\"http:\/\/zizurbide.com\/es_es\/quienes-somos\/\"]}]},{\"@type\":\"BreadcrumbList\",\"@id\":\"http:\/\/zizurbide.com\/es_es\/quienes-somos\/#breadcrumb\",\"itemListElement\":[{\"@type\":\"ListItem\",\"position\":1,\"name\":\"Portada\",\"item\":\"https:\/\/zizurbide.com\/\"},{\"@type\":\"ListItem\",\"position\":2,\"name\":\"Qui\u00e9nes Somos\"}]},{\"@type\":\"WebSite\",\"@id\":\"http:\/\/zizurbide.com\/es_es\/#website\",\"url\":\"http:\/\/zizurbide.com\/es_es\/\",\"name\":\"Zizurbide\",\"description\":\"Tu centro de jardiner\u00eda m\u00e1s cercano.\",\"publisher\":{\"@id\":\"http:\/\/zizurbide.com\/es_es\/#organization\"},\"potentialAction\":[{\"@type\":\"SearchAction\",\"target\":{\"@type\":\"EntryPoint\",\"urlTemplate\":\"http:\/\/zizurbide.com\/es_es\/?s={search_term_string}\"},\"query-input\":{\"@type\":\"PropertyValueSpecification\",\"valueRequired\":true,\"valueName\":\"search_term_string\"}}],\"inLanguage\":\"eu\"},{\"@type\":\"Organization\",\"@id\":\"http:\/\/zizurbide.com\/es_es\/#organization\",\"name\":\"Zizurbide jardiner\u00eda\",\"url\":\"http:\/\/zizurbide.com\/es_es\/\",\"logo\":{\"@type\":\"ImageObject\",\"inLanguage\":\"eu\",\"@id\":\"http:\/\/zizurbide.com\/es_es\/#\/schema\/logo\/image\/\",\"url\":\"https:\/\/zizurbide.com\/wp-content\/uploads\/2021\/06\/logo-zizurbide-entero.jpg\",\"contentUrl\":\"https:\/\/zizurbide.com\/wp-content\/uploads\/2021\/06\/logo-zizurbide-entero.jpg\",\"width\":866,\"height\":642,\"caption\":\"Zizurbide jardiner\u00eda\"},\"image\":{\"@id\":\"http:\/\/zizurbide.com\/es_es\/#\/schema\/logo\/image\/\"},\"sameAs\":[\"https:\/\/www.facebook.com\/zizurbide\",\"https:\/\/www.instagram.com\/zizurbide\/\"]}]}<\/script>\n<!-- \/ Yoast SEO plugin. -->","yoast_head_json":{"title":"Qui\u00e9nes Somos - Zizurbide","robots":{"index":"index","follow":"follow","max-snippet":"max-snippet:-1","max-image-preview":"max-image-preview:large","max-video-preview":"max-video-preview:-1"},"canonical":"http:\/\/zizurbide.com\/eu\/quienes-somos\/","og_locale":"en_US","og_type":"article","og_title":"Qui\u00e9nes Somos - Zizurbide","og_url":"http:\/\/zizurbide.com\/eu\/quienes-somos\/","og_site_name":"Zizurbide","article_publisher":"https:\/\/www.facebook.com\/zizurbide","article_modified_time":"2021-06-30T02:28:50+00:00","og_image":[{"width":866,"height":642,"url":"https:\/\/zizurbide.com\/wp-content\/uploads\/2021\/06\/logo-zizurbide-entero.jpg","type":"image\/jpeg"}],"twitter_card":"summary_large_image","twitter_misc":{"Est. reading time":"4 minutua"},"schema":{"@context":"https:\/\/schema.org","@graph":[{"@type":"WebPage","@id":"http:\/\/zizurbide.com\/es_es\/quienes-somos\/","url":"http:\/\/zizurbide.com\/es_es\/quienes-somos\/","name":"Qui\u00e9nes Somos - Zizurbide","isPartOf":{"@id":"http:\/\/zizurbide.com\/es_es\/#website"},"datePublished":"2021-06-30T02:16:30+00:00","dateModified":"2021-06-30T02:28:50+00:00","breadcrumb":{"@id":"http:\/\/zizurbide.com\/es_es\/quienes-somos\/#breadcrumb"},"inLanguage":"eu","potentialAction":[{"@type":"ReadAction","target":["http:\/\/zizurbide.com\/es_es\/quienes-somos\/"]}]},{"@type":"BreadcrumbList","@id":"http:\/\/zizurbide.com\/es_es\/quienes-somos\/#breadcrumb","itemListElement":[{"@type":"ListItem","position":1,"name":"Portada","item":"https:\/\/zizurbide.com\/"},{"@type":"ListItem","position":2,"name":"Qui\u00e9nes Somos"}]},{"@type":"WebSite","@id":"http:\/\/zizurbide.com\/es_es\/#website","url":"http:\/\/zizurbide.com\/es_es\/","name":"Zizurbide","description":"Tu centro de jardiner\u00eda m\u00e1s cercano.","publisher":{"@id":"http:\/\/zizurbide.com\/es_es\/#organization"},"potentialAction":[{"@type":"SearchAction","target":{"@type":"EntryPoint","urlTemplate":"http:\/\/zizurbide.com\/es_es\/?s={search_term_string}"},"query-input":{"@type":"PropertyValueSpecification","valueRequired":true,"valueName":"search_term_string"}}],"inLanguage":"eu"},{"@type":"Organization","@id":"http:\/\/zizurbide.com\/es_es\/#organization","name":"Zizurbide jardiner\u00eda","url":"http:\/\/zizurbide.com\/es_es\/","logo":{"@type":"ImageObject","inLanguage":"eu","@id":"http:\/\/zizurbide.com\/es_es\/#\/schema\/logo\/image\/","url":"https:\/\/zizurbide.com\/wp-content\/uploads\/2021\/06\/logo-zizurbide-entero.jpg","contentUrl":"https:\/\/zizurbide.com\/wp-content\/uploads\/2021\/06\/logo-zizurbide-entero.jpg","width":866,"height":642,"caption":"Zizurbide jardiner\u00eda"},"image":{"@id":"http:\/\/zizurbide.com\/es_es\/#\/schema\/logo\/image\/"},"sameAs":["https:\/\/www.facebook.com\/zizurbide","https:\/\/www.instagram.com\/zizurbide\/"]}]}},"_links":{"self":[{"href":"https:\/\/zizurbide.com\/eu\/wp-json\/wp\/v2\/pages\/6346","targetHints":{"allow":["GET"]}}],"collection":[{"href":"https:\/\/zizurbide.com\/eu\/wp-json\/wp\/v2\/pages"}],"about":[{"href":"https:\/\/zizurbide.com\/eu\/wp-json\/wp\/v2\/types\/page"}],"author":[{"embeddable":true,"href":"https:\/\/zizurbide.com\/eu\/wp-json\/wp\/v2\/users\/1"}],"replies":[{"embeddable":true,"href":"https:\/\/zizurbide.com\/eu\/wp-json\/wp\/v2\/comments?post=6346"}],"version-history":[{"count":11,"href":"https:\/\/zizurbide.com\/eu\/wp-json\/wp\/v2\/pages\/6346\/revisions"}],"predecessor-version":[{"id":6360,"href":"https:\/\/zizurbide.com\/eu\/wp-json\/wp\/v2\/pages\/6346\/revisions\/6360"}],"wp:attachment":[{"href":"https:\/\/zizurbide.com\/eu\/wp-json\/wp\/v2\/media?parent=6346"}],"curies":[{"name":"wp","href":"https:\/\/api.w.org\/{rel}","templated":true}]}}