{"id":6398,"date":"2021-09-15T18:59:15","date_gmt":"2021-09-15T18:59:15","guid":{"rendered":"https:\/\/zizurbide.com\/?page_id=6398"},"modified":"2021-09-15T19:04:48","modified_gmt":"2021-09-15T19:04:48","slug":"politica-de-cookies","status":"publish","type":"page","link":"https:\/\/zizurbide.com\/eu\/politica-de-cookies\/","title":{"rendered":"Pol\u00edtica de Cookies"},"content":{"rendered":"<p><b><span data-contrast=\"none\">Zizurbide, S.L.<\/span><\/b><span data-contrast=\"none\">\u00a0<\/span><span data-contrast=\"none\">no utiliza cookies para recoger informaci\u00f3n de los usuarios. \u00danicamente se utilizan cookies propias,\u202f de sesi\u00f3n, con finalidad t\u00e9cnica (aquellas que permiten al usuario la navegaci\u00f3n a trav\u00e9s del sitio web y la utilizaci\u00f3n de las diferentes opciones y servicios que en ella existen).<\/span><span data-ccp-props=\"{&quot;134233117&quot;:true,&quot;134233118&quot;:true,&quot;201341983&quot;:2,&quot;335551550&quot;:6,&quot;335551620&quot;:6,&quot;335559731&quot;:708,&quot;335559739&quot;:200,&quot;335559740&quot;:360}\">\u00a0<\/span><\/p>\n<p><span data-contrast=\"none\">El portal del que es titular<\/span><b><span data-contrast=\"none\">\u00a0<\/span><\/b><b><span data-contrast=\"none\">Zizurbide, S.L.<\/span><\/b><span data-contrast=\"none\">\u00a0<\/span><span data-contrast=\"none\">contiene enlaces a sitios web de terceros, cuyas pol\u00edticas de privacidad son ajenas a la\u00a0de<\/span><span data-contrast=\"none\">\u00a0<\/span><b><span data-contrast=\"none\">Zizurbide, S.L.<\/span><\/b><span data-contrast=\"none\">\u00a0<\/span><span data-ccp-props=\"{&quot;134233117&quot;:true,&quot;134233118&quot;:true,&quot;201341983&quot;:2,&quot;335551550&quot;:6,&quot;335551620&quot;:6,&quot;335559731&quot;:708,&quot;335559739&quot;:200,&quot;335559740&quot;:360}\">\u00a0<\/span><\/p>\n<p><span data-contrast=\"none\">Al acceder a tales sitios web usted puede decidir si acepta sus pol\u00edticas de privacidad y de cookies. Con car\u00e1cter general, si navega por internet usted puede aceptar o rechazar las cookies de terceros desde las opciones de configuraci\u00f3n de su navegador.<\/span><span data-ccp-props=\"{&quot;134233117&quot;:true,&quot;134233118&quot;:true,&quot;201341983&quot;:2,&quot;335551550&quot;:6,&quot;335551620&quot;:6,&quot;335559731&quot;:708,&quot;335559739&quot;:200,&quot;335559740&quot;:360}\">\u00a0<\/span><\/p>","protected":false},"excerpt":{"rendered":"<p>Zizurbide, S.L.\u00a0no utiliza cookies para recoger informaci\u00f3n de los usuarios. \u00danicamente se utilizan cookies propias,\u202f&#8230;<\/p>","protected":false},"author":1,"featured_media":0,"parent":0,"menu_order":0,"comment_status":"closed","ping_status":"closed","template":"","meta":{"footnotes":""},"class_list":["post-6398","page","type-page","status-publish"],"yoast_head":"<!-- This site is optimized with the Yoast SEO plugin v26.4 - https:\/\/yoast.com\/wordpress\/plugins\/seo\/ -->\n<title>Pol\u00edtica de Cookies - Zizurbide<\/title>\n<meta name=\"robots\" content=\"index, follow, max-snippet:-1, max-image-preview:large, max-video-preview:-1\" \/>\n<link rel=\"canonical\" href=\"http:\/\/zizurbide.com\/eu\/politica-de-cookies\/\" \/>\n<meta property=\"og:locale\" content=\"en_US\" \/>\n<meta property=\"og:type\" content=\"article\" \/>\n<meta property=\"og:title\" content=\"Pol\u00edtica de Cookies - Zizurbide\" \/>\n<meta property=\"og:description\" content=\"Zizurbide, S.L.\u00a0no utiliza cookies para recoger informaci\u00f3n de los usuarios. \u00danicamente se utilizan cookies propias,\u202f...\" \/>\n<meta property=\"og:url\" content=\"http:\/\/zizurbide.com\/eu\/politica-de-cookies\/\" \/>\n<meta property=\"og:site_name\" content=\"Zizurbide\" \/>\n<meta property=\"article:publisher\" content=\"https:\/\/www.facebook.com\/zizurbide\" \/>\n<meta property=\"article:modified_time\" content=\"2021-09-15T19:04:48+00:00\" \/>\n<meta property=\"og:image\" content=\"https:\/\/zizurbide.com\/wp-content\/uploads\/2021\/06\/logo-zizurbide-entero.jpg\" \/>\n\t<meta property=\"og:image:width\" content=\"866\" \/>\n\t<meta property=\"og:image:height\" content=\"642\" \/>\n\t<meta property=\"og:image:type\" content=\"image\/jpeg\" \/>\n<meta name=\"twitter:card\" content=\"summary_large_image\" \/>\n<meta name=\"twitter:label1\" content=\"Est. reading time\" \/>\n\t<meta name=\"twitter:data1\" content=\"1 minutua\" \/>\n<script type=\"application\/ld+json\" class=\"yoast-schema-graph\">{\"@context\":\"https:\/\/schema.org\",\"@graph\":[{\"@type\":\"WebPage\",\"@id\":\"http:\/\/zizurbide.com\/es_es\/politica-de-cookies\/\",\"url\":\"http:\/\/zizurbide.com\/es_es\/politica-de-cookies\/\",\"name\":\"Pol\u00edtica de Cookies - Zizurbide\",\"isPartOf\":{\"@id\":\"http:\/\/zizurbide.com\/es_es\/#website\"},\"datePublished\":\"2021-09-15T18:59:15+00:00\",\"dateModified\":\"2021-09-15T19:04:48+00:00\",\"breadcrumb\":{\"@id\":\"http:\/\/zizurbide.com\/es_es\/politica-de-cookies\/#breadcrumb\"},\"inLanguage\":\"eu\",\"potentialAction\":[{\"@type\":\"ReadAction\",\"target\":[\"http:\/\/zizurbide.com\/es_es\/politica-de-cookies\/\"]}]},{\"@type\":\"BreadcrumbList\",\"@id\":\"http:\/\/zizurbide.com\/es_es\/politica-de-cookies\/#breadcrumb\",\"itemListElement\":[{\"@type\":\"ListItem\",\"position\":1,\"name\":\"Portada\",\"item\":\"https:\/\/zizurbide.com\/\"},{\"@type\":\"ListItem\",\"position\":2,\"name\":\"Pol\u00edtica de Cookies\"}]},{\"@type\":\"WebSite\",\"@id\":\"http:\/\/zizurbide.com\/es_es\/#website\",\"url\":\"http:\/\/zizurbide.com\/es_es\/\",\"name\":\"Zizurbide\",\"description\":\"Tu centro de jardiner\u00eda m\u00e1s cercano.\",\"publisher\":{\"@id\":\"http:\/\/zizurbide.com\/es_es\/#organization\"},\"potentialAction\":[{\"@type\":\"SearchAction\",\"target\":{\"@type\":\"EntryPoint\",\"urlTemplate\":\"http:\/\/zizurbide.com\/es_es\/?s={search_term_string}\"},\"query-input\":{\"@type\":\"PropertyValueSpecification\",\"valueRequired\":true,\"valueName\":\"search_term_string\"}}],\"inLanguage\":\"eu\"},{\"@type\":\"Organization\",\"@id\":\"http:\/\/zizurbide.com\/es_es\/#organization\",\"name\":\"Zizurbide jardiner\u00eda\",\"url\":\"http:\/\/zizurbide.com\/es_es\/\",\"logo\":{\"@type\":\"ImageObject\",\"inLanguage\":\"eu\",\"@id\":\"http:\/\/zizurbide.com\/es_es\/#\/schema\/logo\/image\/\",\"url\":\"https:\/\/zizurbide.com\/wp-content\/uploads\/2021\/06\/logo-zizurbide-entero.jpg\",\"contentUrl\":\"https:\/\/zizurbide.com\/wp-content\/uploads\/2021\/06\/logo-zizurbide-entero.jpg\",\"width\":866,\"height\":642,\"caption\":\"Zizurbide jardiner\u00eda\"},\"image\":{\"@id\":\"http:\/\/zizurbide.com\/es_es\/#\/schema\/logo\/image\/\"},\"sameAs\":[\"https:\/\/www.facebook.com\/zizurbide\",\"https:\/\/www.instagram.com\/zizurbide\/\"]}]}<\/script>\n<!-- \/ Yoast SEO plugin. -->","yoast_head_json":{"title":"Pol\u00edtica de Cookies - Zizurbide","robots":{"index":"index","follow":"follow","max-snippet":"max-snippet:-1","max-image-preview":"max-image-preview:large","max-video-preview":"max-video-preview:-1"},"canonical":"http:\/\/zizurbide.com\/eu\/politica-de-cookies\/","og_locale":"en_US","og_type":"article","og_title":"Pol\u00edtica de Cookies - Zizurbide","og_description":"Zizurbide, S.L.\u00a0no utiliza cookies para recoger informaci\u00f3n de los usuarios. \u00danicamente se utilizan cookies propias,\u202f...","og_url":"http:\/\/zizurbide.com\/eu\/politica-de-cookies\/","og_site_name":"Zizurbide","article_publisher":"https:\/\/www.facebook.com\/zizurbide","article_modified_time":"2021-09-15T19:04:48+00:00","og_image":[{"width":866,"height":642,"url":"https:\/\/zizurbide.com\/wp-content\/uploads\/2021\/06\/logo-zizurbide-entero.jpg","type":"image\/jpeg"}],"twitter_card":"summary_large_image","twitter_misc":{"Est. reading time":"1 minutua"},"schema":{"@context":"https:\/\/schema.org","@graph":[{"@type":"WebPage","@id":"http:\/\/zizurbide.com\/es_es\/politica-de-cookies\/","url":"http:\/\/zizurbide.com\/es_es\/politica-de-cookies\/","name":"Pol\u00edtica de Cookies - Zizurbide","isPartOf":{"@id":"http:\/\/zizurbide.com\/es_es\/#website"},"datePublished":"2021-09-15T18:59:15+00:00","dateModified":"2021-09-15T19:04:48+00:00","breadcrumb":{"@id":"http:\/\/zizurbide.com\/es_es\/politica-de-cookies\/#breadcrumb"},"inLanguage":"eu","potentialAction":[{"@type":"ReadAction","target":["http:\/\/zizurbide.com\/es_es\/politica-de-cookies\/"]}]},{"@type":"BreadcrumbList","@id":"http:\/\/zizurbide.com\/es_es\/politica-de-cookies\/#breadcrumb","itemListElement":[{"@type":"ListItem","position":1,"name":"Portada","item":"https:\/\/zizurbide.com\/"},{"@type":"ListItem","position":2,"name":"Pol\u00edtica de Cookies"}]},{"@type":"WebSite","@id":"http:\/\/zizurbide.com\/es_es\/#website","url":"http:\/\/zizurbide.com\/es_es\/","name":"Zizurbide","description":"Tu centro de jardiner\u00eda m\u00e1s cercano.","publisher":{"@id":"http:\/\/zizurbide.com\/es_es\/#organization"},"potentialAction":[{"@type":"SearchAction","target":{"@type":"EntryPoint","urlTemplate":"http:\/\/zizurbide.com\/es_es\/?s={search_term_string}"},"query-input":{"@type":"PropertyValueSpecification","valueRequired":true,"valueName":"search_term_string"}}],"inLanguage":"eu"},{"@type":"Organization","@id":"http:\/\/zizurbide.com\/es_es\/#organization","name":"Zizurbide jardiner\u00eda","url":"http:\/\/zizurbide.com\/es_es\/","logo":{"@type":"ImageObject","inLanguage":"eu","@id":"http:\/\/zizurbide.com\/es_es\/#\/schema\/logo\/image\/","url":"https:\/\/zizurbide.com\/wp-content\/uploads\/2021\/06\/logo-zizurbide-entero.jpg","contentUrl":"https:\/\/zizurbide.com\/wp-content\/uploads\/2021\/06\/logo-zizurbide-entero.jpg","width":866,"height":642,"caption":"Zizurbide jardiner\u00eda"},"image":{"@id":"http:\/\/zizurbide.com\/es_es\/#\/schema\/logo\/image\/"},"sameAs":["https:\/\/www.facebook.com\/zizurbide","https:\/\/www.instagram.com\/zizurbide\/"]}]}},"_links":{"self":[{"href":"https:\/\/zizurbide.com\/eu\/wp-json\/wp\/v2\/pages\/6398","targetHints":{"allow":["GET"]}}],"collection":[{"href":"https:\/\/zizurbide.com\/eu\/wp-json\/wp\/v2\/pages"}],"about":[{"href":"https:\/\/zizurbide.com\/eu\/wp-json\/wp\/v2\/types\/page"}],"author":[{"embeddable":true,"href":"https:\/\/zizurbide.com\/eu\/wp-json\/wp\/v2\/users\/1"}],"replies":[{"embeddable":true,"href":"https:\/\/zizurbide.com\/eu\/wp-json\/wp\/v2\/comments?post=6398"}],"version-history":[{"count":1,"href":"https:\/\/zizurbide.com\/eu\/wp-json\/wp\/v2\/pages\/6398\/revisions"}],"predecessor-version":[{"id":6399,"href":"https:\/\/zizurbide.com\/eu\/wp-json\/wp\/v2\/pages\/6398\/revisions\/6399"}],"wp:attachment":[{"href":"https:\/\/zizurbide.com\/eu\/wp-json\/wp\/v2\/media?parent=6398"}],"curies":[{"name":"wp","href":"https:\/\/api.w.org\/{rel}","templated":true}]}}